{"id":4472,"date":"2020-03-01T23:41:12","date_gmt":"2020-03-01T23:41:12","guid":{"rendered":"http:\/\/siklosiborvidek.premiumweb.hu\/?page_id=4472"},"modified":"2022-04-19T11:28:42","modified_gmt":"2022-04-19T11:28:42","slug":"media-zona","status":"publish","type":"page","link":"https:\/\/portugieserdumonde.com\/en\/media-zona\/","title":{"rendered":"Media"},"content":{"rendered":"\n<div class=\"wp-block-image\"><figure class=\"aligncenter size-large is-resized\"><img loading=\"lazy\" decoding=\"async\" src=\"https:\/\/portugieserdumonde.com\/wp-content\/uploads\/2022\/03\/FF2021_0189-1024x683.jpg\" alt=\"\" class=\"wp-image-5036\" width=\"520\" height=\"347\" srcset=\"https:\/\/portugieserdumonde.com\/wp-content\/uploads\/2022\/03\/FF2021_0189-1024x683.jpg 1024w, https:\/\/portugieserdumonde.com\/wp-content\/uploads\/2022\/03\/FF2021_0189-300x200.jpg 300w, https:\/\/portugieserdumonde.com\/wp-content\/uploads\/2022\/03\/FF2021_0189-768x512.jpg 768w, https:\/\/portugieserdumonde.com\/wp-content\/uploads\/2022\/03\/FF2021_0189-1536x1024.jpg 1536w\" sizes=\"auto, (max-width: 520px) 100vw, 520px\" \/><\/figure><\/div>\n\n\n\n<p><strong>Vill\u00e1ny in the limelight<\/strong><\/p>\n\n\n\n<p>Portugieser du Monde, Franc du Monde, Wine Travel Awards<\/p>\n\n\n\n<p>Vill\u00e1ny has always been &#8220;the top wine region&#8221; in many\naspects: the southernmost wine region of Hungary with the most sunny hours, the\nmost winemakers with the prestigious title &#8220;Winemaker of the Year&#8221;\nand the most functioning wine cellars compared to the number of inhabitants. It\nis also one of the favourite destinations of wine travellers: the season begins\nin January with Vince Day vineyard tours, at summer Vill\u00e1ny offers a marathon\nwith rose wine (dressed in pink), autumn is famous for the Red Wine Festival\nand much more. However, in the next months Vill\u00e1ny also becomes the focus of\nthe wine trade as well.<\/p>\n\n\n\n<p>Portugieser du Monde, Franc du Monde, Wine Travel Awards \u2013 what do\nthe three have in common? All of them are international, are related to Vill\u00e1ny\nand take place in spring \/ early summer. <\/p>\n\n\n\n<div class=\"wp-block-image\"><figure class=\"aligncenter size-large is-resized\"><img loading=\"lazy\" decoding=\"async\" src=\"https:\/\/portugieserdumonde.com\/wp-content\/uploads\/2022\/03\/DSCF8859-1024x683.jpg\" alt=\"\" class=\"wp-image-5042\" width=\"540\" height=\"360\" srcset=\"https:\/\/portugieserdumonde.com\/wp-content\/uploads\/2022\/03\/DSCF8859-1024x683.jpg 1024w, https:\/\/portugieserdumonde.com\/wp-content\/uploads\/2022\/03\/DSCF8859-300x200.jpg 300w, https:\/\/portugieserdumonde.com\/wp-content\/uploads\/2022\/03\/DSCF8859-768x512.jpg 768w, https:\/\/portugieserdumonde.com\/wp-content\/uploads\/2022\/03\/DSCF8859-1536x1024.jpg 1536w\" sizes=\"auto, (max-width: 540px) 100vw, 540px\" \/><\/figure><\/div>\n\n\n\n<p> <strong>Portugieser du Monde \u2013 even the smallest one counts <\/strong><\/p>\n\n\n\n<p>Only few international wine contests are restricted to one grape\nvariety and if they do so, they concentrate on a popular international variety\nlike Chardonnay or Pinot Noir. However Vill\u00e1ny places emphasis on preserving\nancient <strong>indigenous<\/strong> varieties including Portugieser, which is grown\nalmost only in the Vill\u00e1ny wine region within Hungary. They organize the\ninternational Portugieser contest annually, this April the <strong>8th edition<\/strong>\nawaits samples from the neighbouring countries as well. The jury consists of <strong>renowned\nwine experts<\/strong> from several countries. Winemakers can send young, easy\ndrinking Portugieser wines, aged Portuguiser specialities, ros\u00e9, white or\nsparkling wines made of Portuguiser or Portuguiser based blends. <\/p>\n\n\n\n<p>After the contest <strong>consumers<\/strong> will have a chance to taste a\nwide range of Portuguiser wines in the city of P\u00e9cs, not far from Vill\u00e1ny. <\/p>\n\n\n\n<p><strong><em>Deadline for entering: 31 March<\/em><\/strong><\/p>\n\n\n\n<p><strong><em>Tasting Event: 23 April, P\u00e9cs, Magt\u00e1r Event Centre<\/em><\/strong><\/p>\n\n\n\n<p><strong><em>More information:<\/em><\/strong>  https:\/\/portugieserdumonde.com <\/p>\n\n\n\n<div class=\"wp-block-image\"><figure class=\"aligncenter size-large is-resized\"><img loading=\"lazy\" decoding=\"async\" src=\"https:\/\/portugieserdumonde.com\/wp-content\/uploads\/2022\/03\/FF2021_0081-1-683x1024.jpg\" alt=\"\" class=\"wp-image-5034\" width=\"444\" height=\"667\" srcset=\"https:\/\/portugieserdumonde.com\/wp-content\/uploads\/2022\/03\/FF2021_0081-1-683x1024.jpg 683w, https:\/\/portugieserdumonde.com\/wp-content\/uploads\/2022\/03\/FF2021_0081-1-200x300.jpg 200w, https:\/\/portugieserdumonde.com\/wp-content\/uploads\/2022\/03\/FF2021_0081-1-768x1152.jpg 768w, https:\/\/portugieserdumonde.com\/wp-content\/uploads\/2022\/03\/FF2021_0081-1-1024x1536.jpg 1024w, https:\/\/portugieserdumonde.com\/wp-content\/uploads\/2022\/03\/FF2021_0081-1-1365x2048.jpg 1365w, https:\/\/portugieserdumonde.com\/wp-content\/uploads\/2022\/03\/FF2021_0081-1-scaled.jpg 1707w\" sizes=\"auto, (max-width: 444px) 100vw, 444px\" \/><\/figure><\/div>\n\n\n\n<p><strong>Franc du Monde \u2013 \u00a0the crown jewel<\/strong><\/p>\n\n\n\n<p>After the one and only Portuguiser contest of the world, <strong>Vill\u00e1ny\nannounces the first and only<\/strong> Cabernet Franc international wine contest! The\norganizers had planned to launch the competition in 2020, however pandemic\nchanged plans. Therefore after a long preparation finally this June will see\nthe first edition at the <strong>Castle of Sikl\u00f3s,<\/strong> an astonishing medieval\nfortress within Vill\u00e1ny wine region. Late <strong>Michael Broadbent<\/strong> once\ncommented <em>&#8220;Cabernet Franc has found its <strong>natural home<\/strong> in\nVill\u00e1ny&#8221;<\/em> and ever since Vill\u00e1ny wine producers have been creating fine\nexamples of the variety and other Hungarian wine regions followed suit. The\ninternational jury of renowned wine experts awaits samples from <strong>all of the\nCabernet Franc wine regions of the world<\/strong> from California to New Zealand,\nfrom Loire to Tuscany.<\/p>\n\n\n\n<p>After the contest Vill\u00e1ny hosts a <strong>conference<\/strong> for trade\nmembers and advanced wine connoisseurs. <\/p>\n\n\n\n<p><\/p>\n\n\n\n<p><strong><em>Deadline for entering: 1 May<\/em><\/strong><\/p>\n\n\n\n<p><strong><em>Conference: 11 June<\/em><\/strong><\/p>\n\n\n\n<p><strong><em>More information:<\/em><\/strong><\/p>\n\n\n\n<p><a href=\"https:\/\/francdumonde.com\">https:\/\/francdumonde.com<\/a><\/p>\n\n\n\n<p><\/p>\n\n\n\n<p><\/p>\n\n\n\n<div class=\"wp-block-image is-style-default\"><figure class=\"aligncenter size-large is-resized\"><img loading=\"lazy\" decoding=\"async\" src=\"https:\/\/portugieserdumonde.com\/wp-content\/uploads\/2022\/03\/DJI_0001-2-1024x767.jpg\" alt=\"\" class=\"wp-image-5031\" width=\"567\" height=\"425\" srcset=\"https:\/\/portugieserdumonde.com\/wp-content\/uploads\/2022\/03\/DJI_0001-2-1024x767.jpg 1024w, https:\/\/portugieserdumonde.com\/wp-content\/uploads\/2022\/03\/DJI_0001-2-300x225.jpg 300w, https:\/\/portugieserdumonde.com\/wp-content\/uploads\/2022\/03\/DJI_0001-2-768x576.jpg 768w, https:\/\/portugieserdumonde.com\/wp-content\/uploads\/2022\/03\/DJI_0001-2-1536x1151.jpg 1536w\" sizes=\"auto, (max-width: 567px) 100vw, 567px\" \/><\/figure><\/div>\n\n\n\n<p><\/p>\n\n\n\n<p><\/p>\n\n\n\n<p><\/p>\n\n\n\n<p><\/p>\n\n\n\n<p><\/p>\n\n\n\n<p><strong>Gal\u00e9ria:<\/strong><\/p>\n\n\n\n<p><a href=\"https:\/\/drive.google.com\/drive\/folders\/1oqGGsq0o9m7nP489SWTV7WweCSnYnOsX?usp=sharing\">https:\/\/drive.google.com\/drive\/folders\/1oqGGsq0o9m7nP489SWTV7WweCSnYnOsX?usp=sharing<\/a><\/p>\n\n\n\n<p><strong>Tov\u00e1bbi inform\u00e1ci\u00f3:<\/strong><\/p>\n\n\n\n<p>Kov\u00e1cs Bogl\u00e1rka D\u00f3ra<\/p>\n\n\n\n<p>marketing vezet\u0151<\/p>\n\n\n\n<p>marketing@villanyiborvidek.hu<\/p>\n\n\n\n<p>+36 30 575 5245<\/p>\n","protected":false},"excerpt":{"rendered":"<p>Vill\u00e1ny in the limelight Portugieser du Monde, Franc du Monde, Wine Travel Awards Vill\u00e1ny has always been &#8220;the top wine region&#8221; in many aspects: the southernmost wine region of Hungary with the most sunny hours, the most winemakers with the prestigious title &#8220;Winemaker of the Year&#8221; and the most functioning wine cellars compared to the number of inhabitants. It is also one of the favourite destinations of wine travellers: the season begins in January [&hellip;]<\/p>\n","protected":false},"author":8,"featured_media":0,"parent":0,"menu_order":0,"comment_status":"closed","ping_status":"closed","template":"","meta":{"footnotes":""},"class_list":["post-4472","page","type-page","status-publish","hentry"],"_links":{"self":[{"href":"https:\/\/portugieserdumonde.com\/en\/wp-json\/wp\/v2\/pages\/4472","targetHints":{"allow":["GET"]}}],"collection":[{"href":"https:\/\/portugieserdumonde.com\/en\/wp-json\/wp\/v2\/pages"}],"about":[{"href":"https:\/\/portugieserdumonde.com\/en\/wp-json\/wp\/v2\/types\/page"}],"author":[{"embeddable":true,"href":"https:\/\/portugieserdumonde.com\/en\/wp-json\/wp\/v2\/users\/8"}],"replies":[{"embeddable":true,"href":"https:\/\/portugieserdumonde.com\/en\/wp-json\/wp\/v2\/comments?post=4472"}],"version-history":[{"count":11,"href":"https:\/\/portugieserdumonde.com\/en\/wp-json\/wp\/v2\/pages\/4472\/revisions"}],"predecessor-version":[{"id":5069,"href":"https:\/\/portugieserdumonde.com\/en\/wp-json\/wp\/v2\/pages\/4472\/revisions\/5069"}],"wp:attachment":[{"href":"https:\/\/portugieserdumonde.com\/en\/wp-json\/wp\/v2\/media?parent=4472"}],"curies":[{"name":"wp","href":"https:\/\/api.w.org\/{rel}","templated":true}]}}