{"id":4469,"date":"2020-03-01T23:40:55","date_gmt":"2020-03-01T23:40:55","guid":{"rendered":"http:\/\/siklosiborvidek.premiumweb.hu\/?page_id=4469"},"modified":"2025-05-07T13:00:10","modified_gmt":"2025-05-07T13:00:10","slug":"dijak-es-gyoztesek","status":"publish","type":"page","link":"https:\/\/portugieserdumonde.com\/en\/dijak-es-gyoztesek\/","title":{"rendered":"awards &#038; winners"},"content":{"rendered":"<p>[vc_row][vc_column][vc_tta_accordion][vc_tta_section title=&#8221;Portugieser du Monde 2025&#8243; tab_id=&#8221;1745923672096-4f770f9c-de86&#8243;][vc_column_text]<strong>CHAMPION<\/strong><\/p>\n<p>Young Portugiesers category: Szemes Pinc\u00e9szet &#8211; Vill\u00e1nyi Portugieser 2024 (Hungary)<br \/>\nVintage Portugiesers category: Jackfall Bormanufakt\u00fara &#8211; Geszteny\u00e9s portugieser 2022 (Hungary)<br \/>\nBlends category: Weingut Harald &#038; Christine Schachl &#8211; Schlosskeller 2023 (Austria)<\/p>\n<p>&nbsp;<\/p>\n<p><strong>GREAT GOLD MEDAL<\/strong><\/p>\n<p>Gere Tam\u00e1s &#038; Zsolt Pinc\u00e9szete &#8211; Gere Tam\u00e1s &#038; Zsolt &#8211; Portugieser 2024<\/p>\n<p>&nbsp;<\/p>\n<p><strong>GOLD MEDAL<\/strong><\/p>\n<p>G\u00e1sp\u00e1r Pinc\u00e9szet &#8211; Portugieser 2024<br \/>\nLelovits Tam\u00e1s Pinc\u00e9szete &#8211; Vill\u00e1nyi Portugieser Classicus 2024<br \/>\nJackfall Bormanufakt\u00fara &#8211; Geszteny\u00e9s portugieser 2020<br \/>\nVinska klet Metlika &#8211; Portugalka 2024<br \/>\nG\u00fcnzer Tam\u00e1s Pinc\u00e9szete Kft &#8211; Portugieser 2024<br \/>\nTiff\u00e1n Imre \u00e9s Fia Kft &#8211; Vill\u00e1nyi Portugieser 2024<br \/>\nMikeh\u00e1zi Pinc\u00e9szet &#8211; Portugieser 2023<br \/>\nWeingut Harald &#038; Christine Schachl &#8211; Granat 2023<br \/>\nGere Tam\u00e1s &#038; Zsolt Pinc\u00e9szete &#8211; Gere Zsolt Redy 2024<br \/>\nWeingut Harald &#038; Christine Schachl &#8211; Bl. Portugieser 2024<br \/>\nSzende Pince &#8211; Vill\u00e1nyi Portugieser 2024<br \/>\nVylyan Pinc\u00e9szet &#8211; Vylyan Macska 2024<\/p>\n<p>&nbsp;<\/p>\n<p><strong>SILVER MEDAL<\/strong><\/p>\n<p>Streit-Zagonyi Bor\u00e1szat &#8211; Portugieser 2024<br \/>\nSzemes Pinc\u00e9szet &#8211; Vill\u00e1nyi Redy 2023<br \/>\nWeingut Andreas Schnabl &#8211; Blauer Portugieser Selection 2024<br \/>\nFamilienweingut Honsig &#8211; JOIE Blauer Portugieser Riede Zellerndorfer L\u00e4ngen 2024<br \/>\nMayerpince Vill\u00e1ny &#8211; Mayer Vill\u00e1nyi Portugieser 2024<br \/>\nTERRA PARNA &#8211; Modry Portugal 2022<br \/>\nCs\u00e1nyi Pinc\u00e9szet Zrt. &#8211; Teleki Vill\u00e1nyi Redy 2024<br \/>\nVinatus Pinc\u00e9szet &#8211; Portugieser 2024<br \/>\nGere Tam\u00e1s &#038; Zsolt Pinc\u00e9szete &#8211; Gere Zsolt Redy 2023<br \/>\nFamilienweingut Honsig &#8211; Cuv\u00e9e Mariage 2022<br \/>\nGr\u00f3cz Pinc\u00e9szet &#8211; Vill\u00e1nyi Redy 2021<br \/>\nWingert Csal\u00e1di Borospince &#8211; T\u00f3ni 2020<br \/>\nNeuperger Pinc\u00e9szet &#8211; Portugieser 2024<br \/>\nWingert Csal\u00e1di Borospince &#8211; T\u00f3ni 2021<br \/>\nKvassay Levente Pinc\u00e9szete &#8211; Kvassay Cuv\u00e9e 2020<br \/>\nGere Attila Pinc\u00e9szete &#8211; Portugieser 2024<br \/>\nBock Pince &#8211; Bock PortaG\u00e9za 2024<br \/>\nFritsch Pince &#8211; Portugieser 2024<br \/>\nFritsch Pince &#8211; \u201c\u00c1goston\u201d Roz\u00e9 Cuv\u00e9e 2024<br \/>\nGere Attila Pinc\u00e9szete &#8211; Portugieser Organikus 2023<br \/>\nAgancsos Pinc\u00e9szet &#8211; Portugieser 2024<br \/>\nWeingut Harald &#038; Christine Schachl &#8211; Granat 2024<br \/>\nWeingut Andreas Schnabl &#8211; Blauer Portugieser Selection 2023<br \/>\nFritsch Pince &#8211; Portugieser 2023<br \/>\nSeymanns Weinhandwerkerei &#8211; Rakatai Alte Reben Blauer Portugieser 2021<br \/>\nStreit-Zagonyi Bor\u00e1szat &#8211; Dilara 2021<br \/>\nAgancsos Pinc\u00e9szet &#8211; Falka cuv\u00e9e 2019<br \/>\nCs\u00e1nyi Pinc\u00e9szet Zrt. &#8211; Teleki V\u00e1logat\u00e1s Vill\u00e1nyi Portugieser 2024<br \/>\nWeingut Dr. Schreiber &#8211; Portugieser Select Rotwein trocken 2022<br \/>\nBock Pince &#8211; Bock Ros\u00e9 Cuv\u00e9e 2024<br \/>\nCs\u00e1nyi Pinc\u00e9szet Zrt. &#8211; Teleki V\u00e1logat\u00e1s Szell\u0151 Cuv\u00e9e 2024<br \/>\nBock Pince &#8211; Bock Redy 2023<br \/>\nG\u00e1sp\u00e1r Pinc\u00e9szet &#8211; Portugieser 2022<br \/>\nB\u00edbor Birtok kft. &#8211; Portugieser 2024<br \/>\nBlum Pince &#8211; Ros\u00e9 Cuv\u00e9e 2024<br \/>\nLelovits Tam\u00e1s Pinc\u00e9szete &#8211; Virtus Portugieser Premium 2024<br \/>\nVinska klet Metlika &#8211; Portugalka 2023<br \/>\nKvassay Levente Pinc\u00e9szete &#8211; Kvassay Portugieser 2024<br \/>\nPolg\u00e1r Bor &#8211; Portugieser 2024[\/vc_column_text][\/vc_tta_section][vc_tta_section title=&#8221;Portugieser du Monde 2023&#8243; tab_id=&#8221;1745923672111-5a35aa9c-fcc7&#8243;][vc_column_text]<\/p>\n<p class=\"_04xlpA direction-ltr align-start para-style-body\"><strong><span class=\"S1PPyQ\">Champion<\/span><\/strong><\/p>\n<p class=\"_04xlpA direction-ltr align-start para-style-body\"><span class=\"S1PPyQ\">Weingut Christine &#038; Harald Schachl \u2013 Granat \u2013 Bl. Portugieser 2021<\/span><\/p>\n<p class=\"_04xlpA direction-ltr align-start para-style-body\"><span class=\"S1PPyQ\">Weingut Christine &#038; Harald Schachl \u2013 Graf Fries 2021<\/span><\/p>\n<p class=\"_04xlpA direction-ltr align-start para-style-body\"><span class=\"S1PPyQ\">\u0150si G\u00e1bor Pinc\u00e9szete \u2013 Vill\u00e1nyi Portugieser 2022<\/span><\/p>\n<p class=\"_04xlpA direction-ltr align-start para-style-body\"><span class=\"S1PPyQ\">Seymanns Weinhandwerkerei \u2013 Sparky Pink Ros\u00e9 Brut 2021<\/span><\/p>\n<p>&nbsp;<\/p>\n<p class=\"_04xlpA direction-ltr align-start para-style-body\"><strong><span class=\"S1PPyQ\">Gold Medal<\/span><\/strong><\/p>\n<p class=\"_04xlpA direction-ltr align-start para-style-body\"><span class=\"S1PPyQ\">Weingut Andreas Schnabl \u2013 Blauer Portugieser Selection 2021<\/span><\/p>\n<p class=\"_04xlpA direction-ltr align-start para-style-body\"><span class=\"S1PPyQ\">Weingut Dr. Schreiber \u2013 Portugieser Select Rotwein trocken 2021<\/span><\/p>\n<p class=\"_04xlpA direction-ltr align-start para-style-body\"><span class=\"S1PPyQ\">Terra Parna \u2013 Modry Portugal 2020<\/span><\/p>\n<p class=\"_04xlpA direction-ltr align-start para-style-body\"><span class=\"S1PPyQ\">Lelovits Tam\u00e1s Pinc\u00e9szete \u2013 Vill\u00e1nyi Portugieser 2022<\/span><\/p>\n<p class=\"_04xlpA direction-ltr align-start para-style-body\"><span class=\"S1PPyQ\">Blum Pince \u2013 Portugieser 2021<\/span><\/p>\n<p class=\"_04xlpA direction-ltr align-start para-style-body\"><span class=\"S1PPyQ\">G\u00fcnzer \u2013 G\u00fcnzer Lezser V\u00f6r\u00f6s Cuv\u00e9e \u2013 2019<\/span><\/p>\n<p class=\"_04xlpA direction-ltr align-start para-style-body\"><span class=\"S1PPyQ\">Rejiji Wines \u2013 Portugieser \u2013 2022<\/span><\/p>\n<p class=\"_04xlpA direction-ltr align-start para-style-body\"><span class=\"S1PPyQ\">Vinska klet Metlika \u2013 Portugalka 2022<\/span><\/p>\n<p class=\"_04xlpA direction-ltr align-start para-style-body\"><span class=\"S1PPyQ\">Fritsch Pince<\/span>\u00a0<span class=\"S1PPyQ\">\u2013 Vill\u00e1ny \u201cEncrer\u201d Cuv\u00e9e<\/span>\u00a0<span class=\"S1PPyQ\">2020<\/span><\/p>\n<p class=\"_04xlpA direction-ltr align-start para-style-body\"><span class=\"S1PPyQ\">Tollas Pince (Tollas G\u00e1bor) \u2013 Vill\u00e1nyi Portugieser 2022<\/span><\/p>\n<p>&nbsp;<\/p>\n<p class=\"_04xlpA direction-ltr align-start para-style-body\"><strong><span class=\"S1PPyQ\">Silver medal<\/span><\/strong><\/p>\n<p class=\"_04xlpA direction-ltr align-start para-style-body\"><span class=\"S1PPyQ\">Reith Pince \u2013 Vill\u00e1nyi Portugieser 2022<\/span><\/p>\n<p class=\"_04xlpA direction-ltr align-start para-style-body\"><span class=\"S1PPyQ\">Christoph Bauer \u2013 Blauer Portugieser Privat 2021<\/span><\/p>\n<p class=\"_04xlpA direction-ltr align-start para-style-body\"><span class=\"S1PPyQ\">Wingert Pince \u2013 T\u00f3ni 2020<\/span><\/p>\n<p class=\"_04xlpA direction-ltr align-start para-style-body\"><span class=\"S1PPyQ\">Mokos Pinc\u00e9szet \u2013<\/span>\u00a0<span class=\"S1PPyQ\">Portugieser 2022<\/span><\/p>\n<p class=\"_04xlpA direction-ltr align-start para-style-body\"><span class=\"S1PPyQ\">Jekl Pinc\u00e9szet \u2013 Jekl Portugieser 2022<\/span><\/p>\n<p class=\"_04xlpA direction-ltr align-start para-style-body\"><span class=\"S1PPyQ\">Simon Pinc\u00e9szet \u2013 Egri Portugieser 2019<\/span><\/p>\n<p class=\"_04xlpA direction-ltr align-start para-style-body\"><span class=\"S1PPyQ\">Fritsch Pince \u2013 Vill\u00e1nyi Portugieser<\/span>\u00a0<span class=\"S1PPyQ\">2022<\/span><\/p>\n<p class=\"_04xlpA direction-ltr align-start para-style-body\"><span class=\"S1PPyQ\">Gr\u00f3cz Pinc\u00e9szet \u2013 Portugieser 2021<\/span><\/p>\n<p class=\"_04xlpA direction-ltr align-start para-style-body\"><span class=\"S1PPyQ\">Fritsch Pince \u2013 Vill\u00e1nyi Portugieser 2021<\/span><\/p>\n<p class=\"_04xlpA direction-ltr align-start para-style-body\"><span class=\"S1PPyQ\">Vylyan Sz\u0151l\u0151birtok \u00e9s Pinc\u00e9szet \u2013 Vylyan Macska Portugieser 2022<\/span><\/p>\n<p class=\"_04xlpA direction-ltr align-start para-style-body\"><span class=\"S1PPyQ\">Weingut Christine &#038; Harald Schachl \u2013 Bl. Portugieser<\/span>\u00a0<span class=\"S1PPyQ\">2022<\/span><\/p>\n<p class=\"_04xlpA direction-ltr align-start para-style-body\"><span class=\"S1PPyQ\">Tollas Pince \u2013 Vill\u00e1nyi Portugieser 2022<\/span><\/p>\n<p class=\"_04xlpA direction-ltr align-start para-style-body\"><span class=\"S1PPyQ\">Vinska klet Metlika \u2013 Portugalka<\/span>\u00a0<span class=\"S1PPyQ\">2021<\/span><\/p>\n<p class=\"_04xlpA direction-ltr align-start para-style-body\"><span class=\"S1PPyQ\">Vinatus Pinc\u00e9szet \u2013 Vill\u00e1nyi Portugieser 2022<\/span><\/p>\n<p class=\"_04xlpA direction-ltr align-start para-style-body\"><span class=\"S1PPyQ\">Vinatus Pinc\u00e9szet \u2013 Vill\u00e1nyi REDy 2022<\/span><\/p>\n<p class=\"_04xlpA direction-ltr align-start para-style-body\"><span class=\"S1PPyQ\">Maczk\u00f3 R\u00f3bert \u2013 Mici 2022<\/span><\/p>\n<p class=\"_04xlpA direction-ltr align-start para-style-body\"><span class=\"S1PPyQ\">Vinska klet Metlika<\/span>\u00a0<span class=\"S1PPyQ\">\u2013 Portugalka 2022<\/span><\/p>\n<p class=\"_04xlpA direction-ltr align-start para-style-body\"><span class=\"S1PPyQ\">Mayer Pince \u2013 Portugieser 2022<\/span><\/p>\n<p class=\"_04xlpA direction-ltr align-start para-style-body\"><span class=\"S1PPyQ\">Kov\u00e1cs Harmat Pinc\u00e9szet \u2013 Vill\u00e1nyi Portugieser<\/span>\u00a0<span class=\"S1PPyQ\">2022<\/span><\/p>\n<p class=\"_04xlpA direction-ltr align-start para-style-body\"><span class=\"S1PPyQ\">Mokos Pinc\u00e9szet \u2013 Vill\u00e1nyi REDy 2022<\/span><\/p>\n<p class=\"_04xlpA direction-ltr align-start para-style-body\"><span class=\"S1PPyQ\">OPG Majcenovi\u0107 Pjenu\u0161ac Majcenovi\u0107 \u2013<\/span>\u00a0<span class=\"S1PPyQ\">Blanc De Portugieser 2020<\/span><\/p>\n<p class=\"_04xlpA direction-ltr align-start para-style-body\"><span class=\"S1PPyQ\">Vinarija Gregori\u0107 Lapjen \u2013 Pjenu\u0161avo Vino-\u0160ampanjac 2020<\/span><\/p>\n<p class=\"_04xlpA direction-ltr align-start para-style-body\"><span class=\"S1PPyQ\">Polg\u00e1r Pinc\u00e9szet \u2013 Portugieser 2022<\/span><\/p>\n<p class=\"_04xlpA direction-ltr align-start para-style-body\"><span class=\"S1PPyQ\">Ruppert Borh\u00e1z \u2013 Vill\u00e1nyi \u201cA Bolond Kalapos\u201d 2022<\/span><\/p>\n<p class=\"_04xlpA direction-ltr align-start para-style-body\"><span class=\"S1PPyQ\">Cs\u00e1nyi Pinc\u00e9szet \u2013 Teleki Vill\u00e1nyi REDy 2022<\/span><\/p>\n<p class=\"_04xlpA direction-ltr align-start para-style-body\"><span class=\"S1PPyQ\">Vinatus Pinc\u00e9szet \u2013 Vill\u00e1nyi Cuv\u00e9e Vinea 2021<\/span><\/p>\n<p class=\"_04xlpA direction-ltr align-start para-style-body\"><span class=\"S1PPyQ\">Kvassay Levente Pinc\u00e9szete \u2013 Kvassay Cuv\u00e9e 2020<\/span><\/p>\n<p class=\"_04xlpA direction-ltr align-start para-style-body\"><span class=\"S1PPyQ\">G\u00e1sp\u00e1r Pinc\u00e9szet \u2013 Portugieser 2022<\/span><\/p>\n<p class=\"_04xlpA direction-ltr align-start para-style-body\"><span class=\"S1PPyQ\">Tiff\u00e1n\u2019s \u2013 Portugieser 2022<\/span><\/p>\n<p class=\"_04xlpA direction-ltr align-start para-style-body\"><span class=\"S1PPyQ\">Jekl Pinc\u00e9szet \u2013 Jekl Portugieser 2020<\/span><\/p>\n<p class=\"_04xlpA direction-ltr align-start para-style-body\"><span class=\"S1PPyQ\">Weingut Frotzler \u2013 Blauer Portugieser 2022<\/span><\/p>\n<p class=\"_04xlpA direction-ltr align-start para-style-body\"><span class=\"S1PPyQ\">Jackfall Bormanufakt\u00fara \u2013 Geszteny\u00e9s 2020<\/span><\/p>\n<p class=\"_04xlpA direction-ltr align-start para-style-body\"><span class=\"S1PPyQ\">Agancsos Pinc\u00e9szet \u2013 Portugieser 2022<\/span><\/p>\n<p class=\"_04xlpA direction-ltr align-start para-style-body\"><span class=\"S1PPyQ\">Vinogradarska ku\u0107a Braje \u2013 Portugizac 2022<\/span><\/p>\n<p class=\"_04xlpA direction-ltr align-start para-style-body\"><span class=\"S1PPyQ\">Ostoros Csal\u00e1di Pinc\u00e9szet \u2013 Ostoros Egri Portugieser 2022<\/span><\/p>\n<p class=\"_04xlpA direction-ltr align-start para-style-body\"><span class=\"S1PPyQ\">Szemes Pinc\u00e9szet \u2013 Vill\u00e1nyi REDy<\/span>\u00a0<span class=\"S1PPyQ\">2022<\/span><\/p>\n<p class=\"_04xlpA direction-ltr align-start para-style-body\"><span class=\"S1PPyQ\">Weinbau Peitz \u2013 Zwischen Erde und Himmel 2020<\/span><\/p>\n<p class=\"_04xlpA direction-ltr align-start para-style-body\"><span class=\"S1PPyQ\">Vina Josip Braje \u2013 Purtugizec barrique 2017<\/span><\/p>\n<p class=\"_04xlpA direction-ltr align-start para-style-body\"><span class=\"S1PPyQ\">Gere Tam\u00e1s &#038; Zsolt Pinc\u00e9szete Gere Zsolt \u2013 Vill\u00e1nyi REDy 2022<\/span><\/p>\n<p class=\"_04xlpA direction-ltr align-start para-style-body\"><span class=\"S1PPyQ\">Maczk\u00f3 R\u00f3bert \u2013 Vill\u00e1nyi REDy 2022<\/span><\/p>\n<p class=\"_04xlpA direction-ltr align-start para-style-body\"><span class=\"S1PPyQ\">Cs\u00e1nyi Pinc\u00e9szet \u2013 Teleki Vill\u00e1nyi Portugieser 2022<\/span><\/p>\n<p>[\/vc_column_text][\/vc_tta_section][vc_tta_section title=&#8221;Portugieser du Monde 2022&#8243; tab_id=&#8221;1745923999896-93e5c7f8-22b0&#8243;][vc_column_text]<\/p>\n<h4><strong>CHAMPION AWARDS<\/strong><\/h4>\n<p>Champion Award for Portugiesers of 2021 vintage:<br \/>\nVinatus Vill\u00e1nyi Portugieser 2021 (Hungary)<\/p>\n<p>Champion Award for matured Portugieser:<br \/>\nWeingut Dr. Schreiber Portugieser Select Trocken 2020 (Germany)<\/p>\n<p>Champion Prize for Portugieser-based blends:<br \/>\nFamiliengut Honsig Cuv\u00e9e Mariage 2018 (Austria)<\/p>\n<p>Champion prize for Portugieser-based specialities:<br \/>\nWweinhandwerkerei Seymann Sparky Pink Ros\u00e9 Brut Sparkling 2020 (Austria)<\/p>\n<h4><strong>GOLD MEDALS<\/strong><\/h4>\n<p>Bock Pince REDy 2021 (Hungary)<br \/>\nBoross Csal\u00e1d Pinc\u00e9szete Vill\u00e1nyi Remete Cuv\u00e9e 2016 (Hungary)<br \/>\nBoross Csal\u00e1d Pinc\u00e9szete Vill\u00e1nyi Red Cuv\u00e9e 2020 (Hungary)<br \/>\nFamilienweingut Honsig Blauer Portugieser 2017 (Austria)<br \/>\nFamilienweingut Honsig Blauer Portugieser Joie 2019 (Austria)<br \/>\nGere Tam\u00e1s&#038;Zsolt Pinc\u00e9szete Vill\u00e1nyi REDy 2020 (Hungary)<br \/>\nJackfall Geszteny\u00e9s 2020 (Hungary)<br \/>\nJekl Pinc\u00e9szet Portugieser 2021 (Hungary)<br \/>\nKvassay Levente Pinc\u00e9szete Kvassay Cuv\u00e9e 2020 (Hungary)<br \/>\nMaczk\u00f3 R\u00f3bert Pinc\u00e9szete REDy 2021 (Hungary)<br \/>\nPaksi Vinc\u00e9szet Jusztina 2020 (Hungary)<br \/>\nPaksi Vinc\u00e9szet Jusztina 2019 (Hungary)<br \/>\nSzende Pince Portugieser Selection &#8220;G\u00e1bor&#8221; 2019 (Hungary)<br \/>\nTerra Parna Modr\u00fd portugal 2018 (Slovakia)<br \/>\nVinatus Vinea Cuv\u00e9e 2020 (Hungary)<br \/>\nVylyan Sz\u0151l\u0151birtok \u00e9s Pinc\u00e9szet Macska Portugieser 2021 (Hungary)<br \/>\nWeingut Leonhard Huppert Blauer Portugieser Auslese Trocken 2018 (Germany)<br \/>\nWweingut Schachl Harald Granat 2021 (Austria)<\/p>\n<h4><strong>SILVER MEDALS<\/strong><\/h4>\n<p>Bock Pince Bock PortaG\u00e9za 2021 (Hungary)<br \/>\nBoross Csal\u00e1d Pinc\u00e9szete Vill\u00e1nyi Portugieser 2021 (Hungary)<br \/>\nCs\u00e1nyi Pinc\u00e9szet Teleki Vill\u00e1nyi Redy 2021 (Hungary)<br \/>\nCs\u00e1nyi Winery Teleki Vill\u00e1ny &#8211; Portugieser Ros\u00e9 2021 (Hungary)<br \/>\nG\u00e1sp\u00e1r Pinc\u00e9szet Portugieser 2021 (Hungary)<br \/>\nG\u00e1sp\u00e1r Pinc\u00e9szet Portugieser Siller 2021 (Hungary)<br \/>\nGere Tam\u00e1s &#038; Zsolt Pinc\u00e9szete Zsolt Gere &#8211; RedY 2021 (Hungary)<br \/>\nGriffin Ivan\u010di\u0107 Griffin Dark Side Barrique 2018 (Croatia)<br \/>\nGriffin Ivan\u010di\u0107 Griffin Rose sparkling wine NV (Croatia)<br \/>\nGriffin Ivan\u010di\u0107 Griffin Ambassador Ros\u00e9 2021 (Croatia)<br \/>\nG\u00fcnzer Csal\u00e1di Birtok G\u00fcnzer Portugieser 2020 (Hungary)<br \/>\nJackfall Geszteny\u00e9s 2018 (Hungary)<br \/>\nJekl Pinc\u00e9szet Vill\u00e1ny Jekl Redy 2018 (Hungary)<br \/>\nJekl Pinc\u00e9szet Vill\u00e1ny Jekl Portugieser Gy\u00f6ngy\u00f6z\u0151bor 2021 (Hungary)<br \/>\nJekl Pinc\u00e9szet Vill\u00e1ny Jekl Cuv\u00e9e 2017 (Hungary)<br \/>\nKoch Csaba Vill\u00e1ny VinArt Portugieser 2018 (Hungary)<br \/>\nKvassay Levente Pinc\u00e9szete Kvassay Cuv\u00e9e 2019 (Hungary)<br \/>\nKvassay Levente Pinc\u00e9szete Kvassay Portugieser 2021 (Hungary)<br \/>\nTam\u00e1s Lelovits Winery Vill\u00e1nyi Portugieser 2021 (Hungary)<br \/>\nMa\u010dkov podrum Portugizer 2021 (Serbia)<br \/>\nMokos Winery Redy 2021 (Hungary)<br \/>\nMokos Pinc\u00e9szet Portugieser 2021 (Hungary)<br \/>\nOPG Majcenovi\u0107 Portugiz 2021 (Croatia)<br \/>\nOstoros Family Winery Egri Portugieser 2021 (Hungary)<br \/>\n\u0150si G\u00e1bor Winery Vill\u00e1nyi Redy 2021 (Hungary)<br \/>\nPaksi Vinc\u00e9szet Portugieser 2019 (Hungary)<br \/>\nPolg\u00e1r Pince Portugieser 2021 (Hungary)<br \/>\nPZ Ple\u0161ivica Portugizac Selection 2021 (Croatia)<br \/>\nRejiji Wines Footprint Portugieser 2021 (Hungary)<br \/>\nRuppert Borh\u00e1z Vill\u00e1nyi Portugieser &#8220;Mindenki Asztala&#8221; 2020 (Hungary)<br \/>\nStreit-Zagonyi Pinc\u00e9szet Vill\u00e1ny Dilara 2019 (Hungary)<br \/>\nSzemes Pinc\u00e9szet Portugieser 2021 (Hungary)<br \/>\nSzende Pince Vill\u00e1nyi Portugieser 2021 (Hungary)<br \/>\nVinarija Gregori\u0107 Pjenu\u0161ac LaPjen 2018 (Croatia)<br \/>\nVinska klet Metlika Portugalka 2021 Slovenia<br \/>\nWeingut Andreas Schnabl Blauer Portugieser Selection 2020 (Austria)<br \/>\nWeingut Leonhard Huppert Blauer Portugieser Classic 2020 (Germany)<br \/>\nWeingut Schachl Harald Granat 2020 (Austria)<br \/>\nWeingut Schachl Harald Gr\u00e4fin Pereira &#8211; Port NV (Austria)<br \/>\nWeingut Schachl Harald Bl. Portugieser 2020 (Austria)<br \/>\nWinery Schachl Harald Bl. Portugieser 2021 (Austria)<br \/>\nWeingut Werner Anselmann &#038; Gebr\u00fcder Anselmann GmbH Portugieser Wei\u00dfherbst halbtrocken 2021 (Germany)<br \/>\nWeingut Werner Anselmann &#038; Gebr\u00fcder Anselmann GmbH Portugieser Wei\u00dfherbst 2021 (Germany)<br \/>\nWeinhandwerkerei Seymann Rakatai Alte Reben Blauer Portugieser 2018 (Austria)[\/vc_column_text][\/vc_tta_section][\/vc_tta_accordion][\/vc_column][\/vc_row]<\/p>\n","protected":false},"excerpt":{"rendered":"<p>[vc_row][vc_column][vc_tta_accordion][vc_tta_section title=&#8221;Portugieser du Monde 2025&#8243; tab_id=&#8221;1745923672096-4f770f9c-de86&#8243;][vc_column_text]CHAMPION Young Portugiesers category: Szemes Pinc\u00e9szet &#8211; Vill\u00e1nyi Portugieser 2024 (Hungary) Vintage Portugiesers category: Jackfall Bormanufakt\u00fara &#8211; Geszteny\u00e9s portugieser 2022 (Hungary) Blends category: Weingut Harald &#038; Christine Schachl &#8211; Schlosskeller 2023 (Austria) &nbsp; GREAT GOLD MEDAL Gere Tam\u00e1s &#038; Zsolt Pinc\u00e9szete &#8211; Gere Tam\u00e1s &#038; Zsolt &#8211; Portugieser 2024 &nbsp; GOLD MEDAL G\u00e1sp\u00e1r Pinc\u00e9szet &#8211; Portugieser 2024 Lelovits Tam\u00e1s Pinc\u00e9szete &#8211; Vill\u00e1nyi Portugieser Classicus 2024 Jackfall Bormanufakt\u00fara &#8211; Geszteny\u00e9s [&hellip;]<\/p>\n","protected":false},"author":8,"featured_media":0,"parent":0,"menu_order":0,"comment_status":"closed","ping_status":"closed","template":"","meta":{"footnotes":""},"class_list":["post-4469","page","type-page","status-publish","hentry"],"_links":{"self":[{"href":"https:\/\/portugieserdumonde.com\/en\/wp-json\/wp\/v2\/pages\/4469","targetHints":{"allow":["GET"]}}],"collection":[{"href":"https:\/\/portugieserdumonde.com\/en\/wp-json\/wp\/v2\/pages"}],"about":[{"href":"https:\/\/portugieserdumonde.com\/en\/wp-json\/wp\/v2\/types\/page"}],"author":[{"embeddable":true,"href":"https:\/\/portugieserdumonde.com\/en\/wp-json\/wp\/v2\/users\/8"}],"replies":[{"embeddable":true,"href":"https:\/\/portugieserdumonde.com\/en\/wp-json\/wp\/v2\/comments?post=4469"}],"version-history":[{"count":30,"href":"https:\/\/portugieserdumonde.com\/en\/wp-json\/wp\/v2\/pages\/4469\/revisions"}],"predecessor-version":[{"id":5210,"href":"https:\/\/portugieserdumonde.com\/en\/wp-json\/wp\/v2\/pages\/4469\/revisions\/5210"}],"wp:attachment":[{"href":"https:\/\/portugieserdumonde.com\/en\/wp-json\/wp\/v2\/media?parent=4469"}],"curies":[{"name":"wp","href":"https:\/\/api.w.org\/{rel}","templated":true}]}}